{"id":40,"date":"2017-09-26T04:46:55","date_gmt":"2017-09-26T04:46:55","guid":{"rendered":"http:\/\/www.imprentacolina.cl\/?page_id=40"},"modified":"2020-04-18T03:55:37","modified_gmt":"2020-04-18T03:55:37","slug":"landing","status":"publish","type":"page","link":"https:\/\/www.imprentacolina.cl\/","title":{"rendered":"Landing"},"content":{"rendered":"<p>[et_pb_section transparent_background=\u00bboff\u00bb allow_player_pause=\u00bboff\u00bb inner_shadow=\u00bboff\u00bb parallax=\u00bboff\u00bb parallax_method=\u00bboff\u00bb padding_mobile=\u00bboff\u00bb make_fullwidth=\u00bboff\u00bb use_custom_width=\u00bboff\u00bb width_unit=\u00bbon\u00bb custom_width_px=\u00bb1080px\u00bb custom_width_percent=\u00bb80%\u00bb make_equal=\u00bboff\u00bb use_custom_gutter=\u00bboff\u00bb fullwidth=\u00bbon\u00bb specialty=\u00bboff\u00bb disabled_on=\u00bbon|on|on\u00bb admin_label=\u00bbSecci\u00f3n\u00bb disabled=\u00bbon\u00bb][et_pb_fullwidth_slider show_arrows=\u00bbon\u00bb show_pagination=\u00bbon\u00bb auto=\u00bboff\u00bb auto_speed=\u00bb7000&#8243; auto_ignore_hover=\u00bboff\u00bb parallax=\u00bboff\u00bb parallax_method=\u00bboff\u00bb remove_inner_shadow=\u00bboff\u00bb background_position=\u00bbdefault\u00bb background_size=\u00bbdefault\u00bb hide_content_on_mobile=\u00bboff\u00bb hide_cta_on_mobile=\u00bboff\u00bb show_image_video_mobile=\u00bboff\u00bb admin_label=\u00bbControl deslizante de anchura completa\u00bb custom_button=\u00bboff\u00bb button_text_size=\u00bb20&#8243; button_letter_spacing=\u00bb0&#8243; button_use_icon=\u00bbdefault\u00bb button_icon_placement=\u00bbright\u00bb button_on_hover=\u00bbon\u00bb button_letter_spacing_hover=\u00bb0&#8243; disabled=\u00bboff\u00bb][et_pb_slide button_link=\u00bb#\u00bb background_image=\u00bbhttp:\/\/www.imprentacolina.cl\/wp-content\/uploads\/2017\/09\/bg-imprenta-colina.jpg\u00bb background_position=\u00bbdefault\u00bb background_size=\u00bbdefault\u00bb background_color=\u00bb#ffffff\u00bb image=\u00bbhttp:\/\/www.imprentacolina.cl\/wp-content\/uploads\/2017\/10\/logo-imprenta-colina-top.png\u00bb use_bg_overlay=\u00bbon\u00bb use_text_overlay=\u00bboff\u00bb alignment=\u00bbcenter\u00bb background_layout=\u00bbdark\u00bb allow_player_pause=\u00bboff\u00bb text_border_radius=\u00bb3&#8243; header_font=\u00bb||||\u00bb body_font=\u00bb||||\u00bb custom_button=\u00bboff\u00bb button_font=\u00bb||||\u00bb button_use_icon=\u00bbdefault\u00bb button_icon_placement=\u00bbright\u00bb button_on_hover=\u00bbon\u00bb disabled=\u00bboff\u00bb]<\/p>\n<h1><a href=\"http:\/\/www.imprentacolina.cl\/contacto\">SOLUCIONES GR\u00c1FICAS<\/a><\/h1>\n<p><strong>Laser, Offset y Digital para Gigantografias , Letreros, Flyers, Pendones, Palomas , Afiches, Art\u00edculos Publicitarios.<\/strong><\/p>\n<p>[\/et_pb_slide][et_pb_slide button_link=\u00bb#\u00bb background_image=\u00bbhttp:\/\/www.imprentacolina.cl\/wp-content\/uploads\/2017\/09\/bg2-imprenta-colina.jpg\u00bb background_position=\u00bbdefault\u00bb background_size=\u00bbdefault\u00bb background_color=\u00bb#ffffff\u00bb image=\u00bbhttp:\/\/www.imprentacolina.cl\/wp-content\/uploads\/2017\/10\/logo-imprenta-colina-top.png\u00bb use_bg_overlay=\u00bboff\u00bb use_text_overlay=\u00bboff\u00bb alignment=\u00bbcenter\u00bb background_layout=\u00bbdark\u00bb allow_player_pause=\u00bboff\u00bb text_border_radius=\u00bb3&#8243; header_font=\u00bb||||\u00bb body_font=\u00bb||||\u00bb custom_button=\u00bboff\u00bb button_font=\u00bb||||\u00bb button_use_icon=\u00bbdefault\u00bb button_icon_placement=\u00bbright\u00bb button_on_hover=\u00bbon\u00bb disabled=\u00bboff\u00bb]<\/p>\n<h1><a href=\"http:\/\/www.imprentacolina.cl\/contacto\">SOLUCIONES GR\u00c1FICAS<\/a><\/h1>\n<p><strong>Laser, Offset y Digital para Gigantografias , Letreros, Flyers, Pendones, Palomas , Afiches, Art\u00edculos Publicitarios.<\/strong><\/p>\n<p>[\/et_pb_slide][\/et_pb_fullwidth_slider][\/et_pb_section][et_pb_section background_image=\u00bbhttp:\/\/www.imprentacolina.cl\/wp-content\/uploads\/2017\/09\/bg-imprenta-colina.jpg\u00bb transparent_background=\u00bbon\u00bb allow_player_pause=\u00bboff\u00bb inner_shadow=\u00bbon\u00bb parallax=\u00bbon\u00bb parallax_method=\u00bboff\u00bb padding_mobile=\u00bboff\u00bb make_fullwidth=\u00bboff\u00bb use_custom_width=\u00bboff\u00bb width_unit=\u00bbon\u00bb custom_width_px=\u00bb1080px\u00bb custom_width_percent=\u00bb80%\u00bb make_equal=\u00bboff\u00bb use_custom_gutter=\u00bboff\u00bb fullwidth=\u00bboff\u00bb specialty=\u00bboff\u00bb admin_label=\u00bbsection\u00bb disabled=\u00bboff\u00bb][et_pb_row make_fullwidth=\u00bboff\u00bb use_custom_width=\u00bboff\u00bb width_unit=\u00bboff\u00bb custom_width_px=\u00bb1080px\u00bb custom_width_percent=\u00bb80%\u00bb use_custom_gutter=\u00bboff\u00bb gutter_width=\u00bb3&#8243; padding_mobile=\u00bboff\u00bb allow_player_pause=\u00bboff\u00bb parallax=\u00bboff\u00bb parallax_method=\u00bbon\u00bb make_equal=\u00bboff\u00bb column_padding_mobile=\u00bbon\u00bb parallax_1=\u00bboff\u00bb parallax_method_1=\u00bbon\u00bb parallax_2=\u00bboff\u00bb parallax_method_2=\u00bbon\u00bb parallax_3=\u00bboff\u00bb parallax_method_3=\u00bbon\u00bb parallax_4=\u00bboff\u00bb parallax_method_4=\u00bbon\u00bb admin_label=\u00bbrow\u00bb disabled=\u00bboff\u00bb][et_pb_column type=\u00bb4_4&#8243; disabled=\u00bboff\u00bb parallax=\u00bboff\u00bb parallax_method=\u00bbon\u00bb column_padding_mobile=\u00bbon\u00bb][et_pb_divider color=\u00bb#ffffff\u00bb height=\u00bb60&#8243; divider_style=\u00bbsolid\u00bb divider_position=\u00bbtop\u00bb divider_weight=\u00bb1px\u00bb hide_on_mobile=\u00bbon\u00bb admin_label=\u00bbDivider\u00bb disabled=\u00bboff\u00bb] [\/et_pb_divider][et_pb_blurb title=\u00bbSOLUCIONES GR\u00c1FICAS\u00bb url=\u00bbwww.imprentacolina.cl\/contacto\u00bb url_new_window=\u00bboff\u00bb use_icon=\u00bboff\u00bb font_icon=\u00bb%%188%%\u00bb icon_color=\u00bb#e02b20&#8243; use_circle=\u00bbon\u00bb circle_color=\u00bb#ffffff\u00bb use_circle_border=\u00bboff\u00bb circle_border_color=\u00bb#2ea3f2&#8243; image=\u00bbhttp:\/\/www.imprentacolina.cl\/wp-content\/uploads\/2017\/10\/logo-imprenta-colina-top.png\u00bb icon_placement=\u00bbtop\u00bb animation=\u00bbtop\u00bb background_layout=\u00bbdark\u00bb text_orientation=\u00bbcenter\u00bb use_icon_font_size=\u00bboff\u00bb icon_font_size=\u00bb96px\u00bb admin_label=\u00bbBlurb\u00bb use_border_color=\u00bboff\u00bb border_color=\u00bb#ffffff\u00bb border_width=\u00bb1px\u00bb border_style=\u00bbsolid\u00bb disabled=\u00bboff\u00bb]<\/p>\n<h2 style=\"text-align: center;\"><strong>Laser, Offset y Digital para Gigantografias , Letreros, Flyers, Pendones, Palomas , Afiches, Art\u00edculos Publicitarios.<\/strong><\/h2>\n<p>[\/et_pb_blurb][\/et_pb_column][\/et_pb_row][\/et_pb_section][et_pb_section transparent_background=\u00bboff\u00bb background_color=\u00bb#f7f7f7&#8243; allow_player_pause=\u00bboff\u00bb inner_shadow=\u00bbon\u00bb parallax=\u00bboff\u00bb parallax_method=\u00bbon\u00bb padding_mobile=\u00bboff\u00bb make_fullwidth=\u00bboff\u00bb use_custom_width=\u00bboff\u00bb width_unit=\u00bboff\u00bb custom_width_px=\u00bb1080px\u00bb custom_width_percent=\u00bb80%\u00bb make_equal=\u00bboff\u00bb use_custom_gutter=\u00bboff\u00bb fullwidth=\u00bboff\u00bb specialty=\u00bboff\u00bb admin_label=\u00bbsection\u00bb disabled=\u00bboff\u00bb][et_pb_row make_fullwidth=\u00bboff\u00bb use_custom_width=\u00bboff\u00bb width_unit=\u00bboff\u00bb custom_width_px=\u00bb1080px\u00bb custom_width_percent=\u00bb80%\u00bb use_custom_gutter=\u00bboff\u00bb gutter_width=\u00bb3&#8243; padding_mobile=\u00bboff\u00bb allow_player_pause=\u00bboff\u00bb parallax=\u00bboff\u00bb parallax_method=\u00bbon\u00bb make_equal=\u00bboff\u00bb column_padding_mobile=\u00bbon\u00bb parallax_1=\u00bboff\u00bb parallax_method_1=\u00bbon\u00bb parallax_2=\u00bboff\u00bb parallax_method_2=\u00bbon\u00bb parallax_3=\u00bboff\u00bb parallax_method_3=\u00bbon\u00bb parallax_4=\u00bboff\u00bb parallax_method_4=\u00bbon\u00bb admin_label=\u00bbrow\u00bb disabled=\u00bboff\u00bb][et_pb_column type=\u00bb4_4&#8243; disabled=\u00bboff\u00bb parallax=\u00bboff\u00bb parallax_method=\u00bbon\u00bb column_padding_mobile=\u00bbon\u00bb][et_pb_text background_layout=\u00bblight\u00bb text_orientation=\u00bbcenter\u00bb admin_label=\u00bbText\u00bb use_border_color=\u00bboff\u00bb border_style=\u00bbsolid\u00bb disabled=\u00bboff\u00bb]<\/p>\n<h2 style=\"text-align: center;\">Servicios integrales para producciones gr\u00e1ficas&#8230; todo\u00a0lo que buscas en un solo lugar.<\/h2>\n<h2 style=\"text-align: center;\">Dise\u00f1o, producci\u00f3n y terminaciones para\u00a0peque\u00f1os a grandes vol\u00famenes de impresi\u00f3n, \u00a0garantizamos calidad y cortos tiempos de entrega.<\/h2>\n<p>[\/et_pb_text][\/et_pb_column][\/et_pb_row][et_pb_row make_fullwidth=\u00bboff\u00bb use_custom_width=\u00bboff\u00bb width_unit=\u00bboff\u00bb custom_width_px=\u00bb1080px\u00bb custom_width_percent=\u00bb80%\u00bb use_custom_gutter=\u00bboff\u00bb gutter_width=\u00bb3&#8243; padding_mobile=\u00bboff\u00bb allow_player_pause=\u00bboff\u00bb parallax=\u00bboff\u00bb parallax_method=\u00bbon\u00bb make_equal=\u00bboff\u00bb column_padding_mobile=\u00bbon\u00bb parallax_1=\u00bboff\u00bb parallax_method_1=\u00bbon\u00bb parallax_2=\u00bboff\u00bb parallax_method_2=\u00bbon\u00bb parallax_3=\u00bboff\u00bb parallax_method_3=\u00bbon\u00bb parallax_4=\u00bboff\u00bb parallax_method_4=\u00bbon\u00bb admin_label=\u00bbrow\u00bb disabled=\u00bboff\u00bb][et_pb_column type=\u00bb1_3&#8243; disabled=\u00bboff\u00bb parallax=\u00bboff\u00bb parallax_method=\u00bbon\u00bb column_padding_mobile=\u00bbon\u00bb][et_pb_blurb title=\u00bbImpresi\u00f3n digital\u00bb url=\u00bb#\u00bb url_new_window=\u00bboff\u00bb use_icon=\u00bbon\u00bb font_icon=\u00bb%%99%%\u00bb icon_color=\u00bb#e02b20&#8243; use_circle=\u00bbon\u00bb circle_color=\u00bb#f7f7f7&#8243; use_circle_border=\u00bbon\u00bb circle_border_color=\u00bb#000000&#8243; icon_placement=\u00bbtop\u00bb animation=\u00bbtop\u00bb background_layout=\u00bblight\u00bb text_orientation=\u00bbcenter\u00bb use_icon_font_size=\u00bboff\u00bb icon_font_size=\u00bb96px\u00bb admin_label=\u00bbBlurb\u00bb use_border_color=\u00bboff\u00bb border_color=\u00bb#ffffff\u00bb border_width=\u00bb1px\u00bb border_style=\u00bbsolid\u00bb disabled=\u00bboff\u00bb]<\/p>\n<p>Impresi\u00f3n de gran velocidad y calidad con valores de producci\u00f3n excepcionales, para distintos flujos de trabajo.<\/p>\n<p>[\/et_pb_blurb][\/et_pb_column][et_pb_column type=\u00bb1_3&#8243; disabled=\u00bboff\u00bb parallax=\u00bboff\u00bb parallax_method=\u00bbon\u00bb column_padding_mobile=\u00bbon\u00bb][et_pb_blurb title=\u00bbImpresi\u00f3n Laser\u00bb url=\u00bb#\u00bb url_new_window=\u00bboff\u00bb use_icon=\u00bbon\u00bb font_icon=\u00bb%%142%%\u00bb icon_color=\u00bb#e02b20&#8243; use_circle=\u00bbon\u00bb circle_color=\u00bb#f7f7f7&#8243; use_circle_border=\u00bbon\u00bb circle_border_color=\u00bb#000000&#8243; icon_placement=\u00bbtop\u00bb animation=\u00bbtop\u00bb background_layout=\u00bblight\u00bb text_orientation=\u00bbcenter\u00bb use_icon_font_size=\u00bboff\u00bb icon_font_size=\u00bb96px\u00bb admin_label=\u00bbBlurb\u00bb use_border_color=\u00bboff\u00bb border_color=\u00bb#ffffff\u00bb border_width=\u00bb1px\u00bb border_style=\u00bbsolid\u00bb disabled=\u00bboff\u00bb]<\/p>\n<p>Ofrecemos una resoluci\u00f3n de impresi\u00f3n laser digital de gran calidad para\u00a0una amplia variedad de sustratos.<\/p>\n<p>[\/et_pb_blurb][\/et_pb_column][et_pb_column type=\u00bb1_3&#8243; disabled=\u00bboff\u00bb parallax=\u00bboff\u00bb parallax_method=\u00bbon\u00bb column_padding_mobile=\u00bbon\u00bb][et_pb_blurb title=\u00bbImpresi\u00f3n Offset\u00bb url=\u00bb#\u00bb url_new_window=\u00bboff\u00bb use_icon=\u00bbon\u00bb font_icon=\u00bb%%100%%\u00bb icon_color=\u00bb#e02b20&#8243; use_circle=\u00bbon\u00bb circle_color=\u00bb#f7f7f7&#8243; use_circle_border=\u00bbon\u00bb circle_border_color=\u00bb#000000&#8243; icon_placement=\u00bbtop\u00bb animation=\u00bbtop\u00bb background_layout=\u00bblight\u00bb text_orientation=\u00bbcenter\u00bb use_icon_font_size=\u00bboff\u00bb icon_font_size=\u00bb96px\u00bb admin_label=\u00bbBlurb\u00bb use_border_color=\u00bboff\u00bb border_color=\u00bb#ffffff\u00bb border_width=\u00bb1px\u00bb border_style=\u00bbsolid\u00bb disabled=\u00bboff\u00bb]<\/p>\n<p>Reproducci\u00f3n de documentos e im\u00e1genes sobre distintos soportes y sustratos.<\/p>\n<p>[\/et_pb_blurb][\/et_pb_column][\/et_pb_row][\/et_pb_section][et_pb_section transparent_background=\u00bboff\u00bb allow_player_pause=\u00bboff\u00bb inner_shadow=\u00bboff\u00bb parallax=\u00bboff\u00bb parallax_method=\u00bboff\u00bb padding_mobile=\u00bboff\u00bb make_fullwidth=\u00bboff\u00bb use_custom_width=\u00bboff\u00bb width_unit=\u00bbon\u00bb custom_width_px=\u00bb1080px\u00bb custom_width_percent=\u00bb80%\u00bb make_equal=\u00bboff\u00bb use_custom_gutter=\u00bboff\u00bb fullwidth=\u00bboff\u00bb specialty=\u00bboff\u00bb admin_label=\u00bbsection\u00bb disabled=\u00bboff\u00bb][et_pb_row make_fullwidth=\u00bbon\u00bb use_custom_width=\u00bboff\u00bb width_unit=\u00bbon\u00bb custom_width_px=\u00bb1080px\u00bb custom_width_percent=\u00bb80%\u00bb use_custom_gutter=\u00bboff\u00bb gutter_width=\u00bb3&#8243; padding_mobile=\u00bboff\u00bb allow_player_pause=\u00bboff\u00bb parallax=\u00bboff\u00bb parallax_method=\u00bboff\u00bb make_equal=\u00bboff\u00bb column_padding_mobile=\u00bbon\u00bb parallax_1=\u00bboff\u00bb parallax_method_1=\u00bboff\u00bb parallax_2=\u00bboff\u00bb parallax_method_2=\u00bbon\u00bb parallax_3=\u00bboff\u00bb parallax_method_3=\u00bbon\u00bb parallax_4=\u00bboff\u00bb parallax_method_4=\u00bbon\u00bb admin_label=\u00bbrow\u00bb disabled=\u00bboff\u00bb][et_pb_column type=\u00bb4_4&#8243; disabled=\u00bboff\u00bb parallax=\u00bboff\u00bb parallax_method=\u00bboff\u00bb column_padding_mobile=\u00bbon\u00bb][et_pb_shop type=\u00bbrecent\u00bb posts_number=\u00bb8&#8243; columns_number=\u00bb0&#8243; orderby=\u00bbmenu_order\u00bb admin_label=\u00bbTienda\u00bb disabled=\u00bboff\u00bb] [\/et_pb_shop][et_pb_cta title=\u00bb\u00bfNecesita un presupuesto de nuestros servicios o productos?\u00bb button_url=\u00bbhttp:\/\/www.imprentacolina.cl\/cotizar\u00bb url_new_window=\u00bboff\u00bb button_text=\u00bbCOTIZAR\u00bb use_background_color=\u00bboff\u00bb background_color=\u00bb#e02b20&#8243; background_layout=\u00bblight\u00bb text_orientation=\u00bbcenter\u00bb admin_label=\u00bbCall To Action\u00bb use_border_color=\u00bboff\u00bb border_color=\u00bb#ffffff\u00bb border_width=\u00bb1px\u00bb border_style=\u00bbsolid\u00bb custom_button=\u00bboff\u00bb button_text_size=\u00bb20&#8243; button_letter_spacing=\u00bb0&#8243; button_use_icon=\u00bbdefault\u00bb button_icon_placement=\u00bbright\u00bb button_on_hover=\u00bbon\u00bb button_letter_spacing_hover=\u00bb0&#8243; disabled=\u00bboff\u00bb]<\/p>\n<p style=\"text-align: center;\"><strong>Para cotizar un producto \u00f3 servicio, favor de elegir entre las opciones disponibles\u00a0<a href=\"http:\/\/www.imprentacolina.cl\/cotizar\">aqu\u00ed<\/a>.<br \/>\nNos pondremos en contacto a la brevedad para entregarte informaci\u00f3n para una optima cotizaci\u00f3n.<\/strong><\/p>\n<p>[\/et_pb_cta][\/et_pb_column][\/et_pb_row][\/et_pb_section][et_pb_section transparent_background=\u00bboff\u00bb allow_player_pause=\u00bboff\u00bb inner_shadow=\u00bboff\u00bb parallax=\u00bboff\u00bb parallax_method=\u00bbon\u00bb padding_mobile=\u00bboff\u00bb make_fullwidth=\u00bboff\u00bb use_custom_width=\u00bboff\u00bb width_unit=\u00bboff\u00bb custom_width_px=\u00bb1080px\u00bb custom_width_percent=\u00bb80%\u00bb make_equal=\u00bboff\u00bb use_custom_gutter=\u00bboff\u00bb fullwidth=\u00bbon\u00bb specialty=\u00bboff\u00bb admin_label=\u00bbSecci\u00f3n\u00bb disabled=\u00bboff\u00bb][et_pb_fullwidth_code disabled_on=\u00bbon|on|on\u00bb admin_label=\u00bbC\u00f3digo de anchura completa\u00bb disabled=\u00bbon\u00bb]<\/p>\n<h1 style=\"text-align: center;\">\u00bfNecesitas m\u00e1s informaci\u00f3n o cotizar algunos de nuestros servicios?<\/h1>\n<pee style=\"text-align: center;\">Te invitamos a usar el\u00a0<a href=\"http:\/\/www.imprentacolina.cl\/cotizar\/\">cotizador online haz Clic Aqu\u00ed<\/a><\/pee>\n[\/et_pb_fullwidth_code][et_pb_fullwidth_code admin_label=\u00bbC\u00f3digo de anchura completa\u00bb disabled=\u00bboff\u00bb]<iframe loading=\"lazy\" style=\"border: 0;\" src=\"https:\/\/www.google.com\/maps\/embed?pb=!1m18!1m12!1m3!1d3338.3593203550417!2d-70.67363418430307!3d-33.20467498084496!2m3!1f0!2f0!3f0!3m2!1i1024!2i768!4f13.1!3m3!1m2!1s0x9662bbb34ee7a99f%3A0x7d81045feffbec03!2sLa+Inmaculada+Concepci%C3%B3n+411%2C+Colina%2C+Regi%C3%B3n+Metropolitana!5e0!3m2!1ses-419!2scl!4v1508352502700\" width=\"100%\" height=\"200\" frameborder=\"0\" allowfullscreen=\"allowfullscreen\"><\/iframe>[\/et_pb_fullwidth_code][\/et_pb_section]<\/p>\n","protected":false},"excerpt":{"rendered":"<p>SOLUCIONES GR\u00c1FICAS Laser, Offset y Digital para Gigantografias , Letreros, Flyers, Pendones, Palomas , Afiches, Art\u00edculos Publicitarios. SOLUCIONES GR\u00c1FICAS Laser, Offset y Digital para Gigantografias , Letreros, Flyers, Pendones, Palomas , Afiches, Art\u00edculos Publicitarios. Laser, Offset y Digital para Gigantografias , Letreros, Flyers, Pendones, Palomas , Afiches, Art\u00edculos Publicitarios. Servicios integrales para producciones gr\u00e1ficas&#8230; todo\u00a0lo [&hellip;]<\/p>\n","protected":false},"author":1,"featured_media":0,"parent":0,"menu_order":0,"comment_status":"closed","ping_status":"closed","template":"","meta":{"_et_pb_use_builder":"on","_et_pb_old_content":"","_et_gb_content_width":"","footnotes":""},"class_list":["post-40","page","type-page","status-publish","hentry"],"_links":{"self":[{"href":"https:\/\/www.imprentacolina.cl\/index.php?rest_route=\/wp\/v2\/pages\/40","targetHints":{"allow":["GET"]}}],"collection":[{"href":"https:\/\/www.imprentacolina.cl\/index.php?rest_route=\/wp\/v2\/pages"}],"about":[{"href":"https:\/\/www.imprentacolina.cl\/index.php?rest_route=\/wp\/v2\/types\/page"}],"author":[{"embeddable":true,"href":"https:\/\/www.imprentacolina.cl\/index.php?rest_route=\/wp\/v2\/users\/1"}],"replies":[{"embeddable":true,"href":"https:\/\/www.imprentacolina.cl\/index.php?rest_route=%2Fwp%2Fv2%2Fcomments&post=40"}],"version-history":[{"count":25,"href":"https:\/\/www.imprentacolina.cl\/index.php?rest_route=\/wp\/v2\/pages\/40\/revisions"}],"predecessor-version":[{"id":496,"href":"https:\/\/www.imprentacolina.cl\/index.php?rest_route=\/wp\/v2\/pages\/40\/revisions\/496"}],"wp:attachment":[{"href":"https:\/\/www.imprentacolina.cl\/index.php?rest_route=%2Fwp%2Fv2%2Fmedia&parent=40"}],"curies":[{"name":"wp","href":"https:\/\/api.w.org\/{rel}","templated":true}]}}