{"id":66,"date":"2017-09-26T05:51:59","date_gmt":"2017-09-26T05:51:59","guid":{"rendered":"http:\/\/www.imprentacolina.cl\/?page_id=66"},"modified":"2017-10-19T06:56:44","modified_gmt":"2017-10-19T06:56:44","slug":"la-imprenta","status":"publish","type":"page","link":"https:\/\/www.imprentacolina.cl\/?page_id=66","title":{"rendered":"La Imprenta"},"content":{"rendered":"<p>[et_pb_section admin_label=\u00bbsection\u00bb][et_pb_row admin_label=\u00bbrow\u00bb][et_pb_column type=\u00bb4_4&#8243;][et_pb_text admin_label=\u00bbTexto\u00bb background_layout=\u00bblight\u00bb text_orientation=\u00bbjustified\u00bb use_border_color=\u00bboff\u00bb border_color=\u00bb#ffffff\u00bb border_style=\u00bbsolid\u00bb]<\/p>\n<p><strong>Somos una imprenta con 20 a\u00f1os en el mercado de las artes gr\u00e1ficas, damos soluciones de impresi\u00f3n y fabricamos timbres de gomas y fecheros. Nuestro principal mercado es del sector norte de Santiago, pero tambi\u00e9n nos destacamos en entregas a regiones.<\/strong><\/p>\n<p>[\/et_pb_text][et_pb_shop admin_label=\u00bbTienda\u00bb type=\u00bbrecent\u00bb columns_number=\u00bb0&#8243; orderby=\u00bbmenu_order\u00bb] [\/et_pb_shop][et_pb_cta admin_label=\u00bbLlamada a la acci\u00f3n\u00bb title=\u00bbServicios integrales para producciones gr\u00e1ficas\u2026 todo lo que buscas en un solo lugar.\u00bb button_url=\u00bbhttp:\/\/www.imprentacolina.cl\/contacto\/\u00bb url_new_window=\u00bboff\u00bb button_text=\u00bbContactar\u00bb use_background_color=\u00bboff\u00bb background_color=\u00bb#dd3333&#8243; background_layout=\u00bblight\u00bb text_orientation=\u00bbcenter\u00bb use_border_color=\u00bboff\u00bb border_color=\u00bb#ffffff\u00bb border_style=\u00bbsolid\u00bb custom_button=\u00bboff\u00bb button_letter_spacing=\u00bb0&#8243; button_use_icon=\u00bbdefault\u00bb button_icon_placement=\u00bbright\u00bb button_on_hover=\u00bbon\u00bb button_letter_spacing_hover=\u00bb0&#8243;]<\/p>\n<div class=\" et_pb_row et_pb_row_1\">\n<div class=\"et_pb_column et_pb_column_4_4 et_pb_column_1\">\n<div class=\"et_pb_text et_pb_module et_pb_bg_layout_light et_pb_text_align_center et_pb_text_0\">\n<p style=\"text-align: center;\"><strong>Dise\u00f1o, producci\u00f3n y terminaciones para\u00a0peque\u00f1os a grandes vol\u00famenes de impresi\u00f3n, \u00a0garantizamos calidad y cortos tiempos de entrega.<\/strong><\/p>\n<\/div>\n<\/div>\n<\/div>\n<div class=\" et_pb_row et_pb_row_2\"><\/div>\n<p>[\/et_pb_cta][\/et_pb_column][\/et_pb_row][\/et_pb_section]<\/p>\n","protected":false},"excerpt":{"rendered":"<p>Somos una imprenta con 20 a\u00f1os en el mercado de las artes gr\u00e1ficas, damos soluciones de impresi\u00f3n y fabricamos timbres de gomas y fecheros. Nuestro principal mercado es del sector norte de Santiago, pero tambi\u00e9n nos destacamos en entregas a regiones. Dise\u00f1o, producci\u00f3n y terminaciones para\u00a0peque\u00f1os a grandes vol\u00famenes de impresi\u00f3n, \u00a0garantizamos calidad y cortos [&hellip;]<\/p>\n","protected":false},"author":1,"featured_media":0,"parent":0,"menu_order":0,"comment_status":"closed","ping_status":"closed","template":"","meta":{"_et_pb_use_builder":"on","_et_pb_old_content":"","_et_gb_content_width":"","footnotes":""},"class_list":["post-66","page","type-page","status-publish","hentry"],"_links":{"self":[{"href":"https:\/\/www.imprentacolina.cl\/index.php?rest_route=\/wp\/v2\/pages\/66","targetHints":{"allow":["GET"]}}],"collection":[{"href":"https:\/\/www.imprentacolina.cl\/index.php?rest_route=\/wp\/v2\/pages"}],"about":[{"href":"https:\/\/www.imprentacolina.cl\/index.php?rest_route=\/wp\/v2\/types\/page"}],"author":[{"embeddable":true,"href":"https:\/\/www.imprentacolina.cl\/index.php?rest_route=\/wp\/v2\/users\/1"}],"replies":[{"embeddable":true,"href":"https:\/\/www.imprentacolina.cl\/index.php?rest_route=%2Fwp%2Fv2%2Fcomments&post=66"}],"version-history":[{"count":5,"href":"https:\/\/www.imprentacolina.cl\/index.php?rest_route=\/wp\/v2\/pages\/66\/revisions"}],"predecessor-version":[{"id":463,"href":"https:\/\/www.imprentacolina.cl\/index.php?rest_route=\/wp\/v2\/pages\/66\/revisions\/463"}],"wp:attachment":[{"href":"https:\/\/www.imprentacolina.cl\/index.php?rest_route=%2Fwp%2Fv2%2Fmedia&parent=66"}],"curies":[{"name":"wp","href":"https:\/\/api.w.org\/{rel}","templated":true}]}}