{"id":72,"date":"2017-09-26T05:52:37","date_gmt":"2017-09-26T05:52:37","guid":{"rendered":"http:\/\/www.imprentacolina.cl\/?page_id=72"},"modified":"2017-10-19T07:21:54","modified_gmt":"2017-10-19T07:21:54","slug":"servicios","status":"publish","type":"page","link":"https:\/\/www.imprentacolina.cl\/?page_id=72","title":{"rendered":"Servicios"},"content":{"rendered":"<p>[et_pb_section transparent_background=\u00bboff\u00bb allow_player_pause=\u00bboff\u00bb inner_shadow=\u00bboff\u00bb parallax=\u00bboff\u00bb parallax_method=\u00bbon\u00bb padding_mobile=\u00bboff\u00bb make_fullwidth=\u00bboff\u00bb use_custom_width=\u00bboff\u00bb width_unit=\u00bboff\u00bb custom_width_px=\u00bb1080px\u00bb custom_width_percent=\u00bb80%\u00bb make_equal=\u00bboff\u00bb use_custom_gutter=\u00bboff\u00bb fullwidth=\u00bboff\u00bb specialty=\u00bboff\u00bb admin_label=\u00bbsection\u00bb disabled=\u00bboff\u00bb][et_pb_row make_fullwidth=\u00bboff\u00bb use_custom_width=\u00bboff\u00bb width_unit=\u00bboff\u00bb custom_width_px=\u00bb1080px\u00bb custom_width_percent=\u00bb80%\u00bb use_custom_gutter=\u00bboff\u00bb gutter_width=\u00bb3&#8243; padding_mobile=\u00bboff\u00bb allow_player_pause=\u00bboff\u00bb parallax=\u00bboff\u00bb parallax_method=\u00bbon\u00bb make_equal=\u00bboff\u00bb column_padding_mobile=\u00bbon\u00bb parallax_1=\u00bboff\u00bb parallax_method_1=\u00bbon\u00bb parallax_2=\u00bboff\u00bb parallax_method_2=\u00bbon\u00bb parallax_3=\u00bboff\u00bb parallax_method_3=\u00bbon\u00bb parallax_4=\u00bboff\u00bb parallax_method_4=\u00bbon\u00bb admin_label=\u00bbrow\u00bb disabled=\u00bboff\u00bb][et_pb_column type=\u00bb4_4&#8243; disabled=\u00bboff\u00bb parallax=\u00bboff\u00bb parallax_method=\u00bbon\u00bb column_padding_mobile=\u00bbon\u00bb][et_pb_text background_layout=\u00bblight\u00bb text_orientation=\u00bbleft\u00bb admin_label=\u00bbTexto\u00bb use_border_color=\u00bboff\u00bb border_style=\u00bbsolid\u00bb disabled=\u00bboff\u00bb]<\/p>\n<div class=\" et_pb_row et_pb_row_1\">\n<div class=\"et_pb_column et_pb_column_4_4  et_pb_column_1\">\n<div class=\"et_pb_text et_pb_module et_pb_bg_layout_light et_pb_text_align_center  et_pb_text_0\">\n<h2 style=\"text-align: center;\">Servicios integrales para producciones gr&aacute;ficas&hellip; todo&nbsp;lo que buscas en un solo lugar.<\/h2>\n<h2 style=\"text-align: center;\">Dise&ntilde;o, producci&oacute;n y terminaciones para&nbsp;peque&ntilde;os a grandes vol&uacute;menes de impresi&oacute;n, &nbsp;garantizamos calidad y cortos tiempos de entrega.<\/h2>\n<\/div>\n<\/div>\n<\/div>\n<div class=\" et_pb_row et_pb_row_2\">\n<div class=\"et_pb_column et_pb_column_1_3  et_pb_column_2\" style=\"text-align: center;\">\n<div class=\"et_pb_blurb et_pb_module et_pb_bg_layout_light et_pb_text_align_center  et_pb_blurb_1 et_pb_blurb_position_top\">\n<div class=\"et_pb_blurb_content\">\n<div class=\"et_pb_main_blurb_image\"><a href=\"..\/productos\/\"><span class=\"et-pb-icon et-waypoint et_pb_animation_top et-pb-icon-circle et-pb-icon-circle-border et-animated\">\ue005<\/span><\/a><\/div>\n<div class=\"et_pb_blurb_container\">\n<h4><a href=\"..\/\">Impresi&oacute;n digital<\/a><\/h4>\n<p>Impresi&oacute;n de gran velocidad y calidad con valores de producci&oacute;n excepcionales, para distintos flujos de trabajo.<\/p>\n<\/div>\n<\/div>\n<\/div>\n<\/div>\n<div class=\"et_pb_column et_pb_column_1_3  et_pb_column_3\" style=\"text-align: center;\">\n<div class=\"et_pb_blurb et_pb_module et_pb_bg_layout_light et_pb_text_align_center  et_pb_blurb_2 et_pb_blurb_position_top\">\n<div class=\"et_pb_blurb_content\">\n<div class=\"et_pb_main_blurb_image\"><a href=\"..\/\"><span class=\"et-pb-icon et-waypoint et_pb_animation_top et-pb-icon-circle et-pb-icon-circle-border et-animated\">\ue103<\/span><\/a><\/div>\n<div class=\"et_pb_blurb_container\">\n<h4><a href=\"..\/\">Impresi&oacute;n Laser<\/a><\/h4>\n<p>Ofrecemos una resoluci&oacute;n de impresi&oacute;n laser digital de gran calidad para&nbsp;una amplia variedad de sustratos.<\/p>\n<\/div>\n<\/div>\n<\/div>\n<\/div>\n<div class=\"et_pb_column et_pb_column_1_3  et_pb_column_4\">\n<div class=\"et_pb_blurb et_pb_module et_pb_bg_layout_light et_pb_text_align_center  et_pb_blurb_3 et_pb_blurb_position_top\">\n<div class=\"et_pb_blurb_content\">\n<div class=\"et_pb_main_blurb_image\" style=\"text-align: center;\"><a href=\"..\/productos\/\"><span class=\"et-pb-icon et-waypoint et_pb_animation_top et-pb-icon-circle et-pb-icon-circle-border et-animated\">\ue006<\/span><\/a><\/div>\n<div class=\"et_pb_blurb_container\">\n<h4 style=\"text-align: center;\"><a href=\"..\/\">Impresi&oacute;n Offset<\/a><\/h4>\n<p style=\"text-align: center;\">Reproducci&oacute;n de documentos e im&aacute;genes sobre distintos soportes y sustratos.<\/p>\n<\/div>\n<\/div>\n<\/div>\n<\/div>\n<\/div>\n<p>[\/et_pb_text][\/et_pb_column][\/et_pb_row][\/et_pb_section]<\/p>\n","protected":false},"excerpt":{"rendered":"<p>Servicios integrales para producciones gr&aacute;ficas&hellip; todo&nbsp;lo que buscas en un solo lugar. Dise&ntilde;o, producci&oacute;n y terminaciones para&nbsp;peque&ntilde;os a grandes vol&uacute;menes de impresi&oacute;n, &nbsp;garantizamos calidad y cortos tiempos de entrega. \ue005 Impresi&oacute;n digital Impresi&oacute;n de gran velocidad y calidad con valores de producci&oacute;n excepcionales, para distintos flujos de trabajo. \ue103 Impresi&oacute;n Laser Ofrecemos una resoluci&oacute;n de [&hellip;]<\/p>\n","protected":false},"author":1,"featured_media":0,"parent":0,"menu_order":0,"comment_status":"closed","ping_status":"closed","template":"","meta":{"_et_pb_use_builder":"on","_et_pb_old_content":"<div class=\" et_pb_row et_pb_row_1\"><div class=\"et_pb_column et_pb_column_4_4  et_pb_column_1\"><div class=\"et_pb_text et_pb_module et_pb_bg_layout_light et_pb_text_align_center  et_pb_text_0\"><h2 style=\"text-align: center;\">Servicios integrales para producciones gr\u00e1ficas\u2026 todo\u00a0lo que buscas en un solo lugar.<\/h2><h2 style=\"text-align: center;\">Dise\u00f1o, producci\u00f3n y terminaciones para\u00a0peque\u00f1os a grandes vol\u00famenes de impresi\u00f3n, \u00a0garantizamos calidad y cortos tiempos de entrega.<\/h2><\/div><\/div><\/div><div class=\" et_pb_row et_pb_row_2\"><div class=\"et_pb_column et_pb_column_1_3  et_pb_column_2\" style=\"text-align: center;\"><div class=\"et_pb_blurb et_pb_module et_pb_bg_layout_light et_pb_text_align_center  et_pb_blurb_1 et_pb_blurb_position_top\"><div class=\"et_pb_blurb_content\"><div class=\"et_pb_main_blurb_image\"><a href=\"http:\/\/www.imprentacolina.cl\/#\"><span class=\"et-pb-icon et-waypoint et_pb_animation_top et-pb-icon-circle et-pb-icon-circle-border et-animated\">\ue005<\/span><\/a><\/div><div class=\"et_pb_blurb_container\"><h4><a href=\"http:\/\/www.imprentacolina.cl\/#\">Impresi\u00f3n digital<\/a><\/h4><p>Impresi\u00f3n de gran velocidad y calidad con valores de producci\u00f3n excepcionales, para distintos flujos de trabajo.<\/p><\/div><\/div><\/div><\/div><div class=\"et_pb_column et_pb_column_1_3  et_pb_column_3\" style=\"text-align: center;\"><div class=\"et_pb_blurb et_pb_module et_pb_bg_layout_light et_pb_text_align_center  et_pb_blurb_2 et_pb_blurb_position_top\"><div class=\"et_pb_blurb_content\"><div class=\"et_pb_main_blurb_image\"><a href=\"http:\/\/www.imprentacolina.cl\/#\"><span class=\"et-pb-icon et-waypoint et_pb_animation_top et-pb-icon-circle et-pb-icon-circle-border et-animated\">\ue103<\/span><\/a><\/div><div class=\"et_pb_blurb_container\"><h4><a href=\"http:\/\/www.imprentacolina.cl\/#\">Impresi\u00f3n Laser<\/a><\/h4><p>Ofrecemos una resoluci\u00f3n de impresi\u00f3n laser digital de gran calidad para\u00a0una amplia variedad de sustratos.<\/p><\/div><\/div><\/div><\/div><div class=\"et_pb_column et_pb_column_1_3  et_pb_column_4\"><div class=\"et_pb_blurb et_pb_module et_pb_bg_layout_light et_pb_text_align_center  et_pb_blurb_3 et_pb_blurb_position_top\"><div class=\"et_pb_blurb_content\"><div class=\"et_pb_main_blurb_image\" style=\"text-align: center;\"><a href=\"http:\/\/www.imprentacolina.cl\/#\"><span class=\"et-pb-icon et-waypoint et_pb_animation_top et-pb-icon-circle et-pb-icon-circle-border et-animated\">\ue006<\/span><\/a><\/div><div class=\"et_pb_blurb_container\"><h4 style=\"text-align: center;\"><a href=\"http:\/\/www.imprentacolina.cl\/#\">Impresi\u00f3n Offset<\/a><\/h4><p style=\"text-align: center;\">Reproducci\u00f3n de documentos e im\u00e1genes sobre distintos soportes y sustratos.<\/p><\/div><\/div><\/div><\/div><\/div>","_et_gb_content_width":"","footnotes":""},"class_list":["post-72","page","type-page","status-publish","hentry"],"_links":{"self":[{"href":"https:\/\/www.imprentacolina.cl\/index.php?rest_route=\/wp\/v2\/pages\/72","targetHints":{"allow":["GET"]}}],"collection":[{"href":"https:\/\/www.imprentacolina.cl\/index.php?rest_route=\/wp\/v2\/pages"}],"about":[{"href":"https:\/\/www.imprentacolina.cl\/index.php?rest_route=\/wp\/v2\/types\/page"}],"author":[{"embeddable":true,"href":"https:\/\/www.imprentacolina.cl\/index.php?rest_route=\/wp\/v2\/users\/1"}],"replies":[{"embeddable":true,"href":"https:\/\/www.imprentacolina.cl\/index.php?rest_route=%2Fwp%2Fv2%2Fcomments&post=72"}],"version-history":[{"count":4,"href":"https:\/\/www.imprentacolina.cl\/index.php?rest_route=\/wp\/v2\/pages\/72\/revisions"}],"predecessor-version":[{"id":464,"href":"https:\/\/www.imprentacolina.cl\/index.php?rest_route=\/wp\/v2\/pages\/72\/revisions\/464"}],"wp:attachment":[{"href":"https:\/\/www.imprentacolina.cl\/index.php?rest_route=%2Fwp%2Fv2%2Fmedia&parent=72"}],"curies":[{"name":"wp","href":"https:\/\/api.w.org\/{rel}","templated":true}]}}